{"id":45778,"date":"2024-09-14T20:54:34","date_gmt":"2024-09-14T20:54:34","guid":{"rendered":"https:\/\/stepdreamestate.ae\/impression\/"},"modified":"2024-09-23T13:37:06","modified_gmt":"2024-09-23T13:37:06","slug":"impression","status":"publish","type":"page","link":"https:\/\/stepdreamestate.ae\/fr\/impression\/","title":{"rendered":"Impression"},"content":{"rendered":"\t\t<div data-elementor-type=\"wp-page\" data-elementor-id=\"45778\" class=\"elementor elementor-45778 elementor-44638\">\n\t\t\t\t<div class=\"elementor-element elementor-element-29d597ed e-flex e-con-boxed e-con e-parent\" data-id=\"29d597ed\" data-element_type=\"container\" data-e-type=\"container\">\n\t\t\t\t\t<div class=\"e-con-inner\">\n\t\t\t\t<div class=\"elementor-element elementor-element-f87236f elementor-widget elementor-widget-spacer\" data-id=\"f87236f\" data-element_type=\"widget\" data-e-type=\"widget\" data-widget_type=\"spacer.default\">\n\t\t\t\t\t\t\t<div class=\"elementor-spacer\">\n\t\t\t<div class=\"elementor-spacer-inner\"><\/div>\n\t\t<\/div>\n\t\t\t\t\t\t<\/div>\n\t\t\t\t<div class=\"elementor-element elementor-element-22fd91e0 elementor-widget elementor-widget-text-editor\" data-id=\"22fd91e0\" data-element_type=\"widget\" data-e-type=\"widget\" data-widget_type=\"text-editor.default\">\n\t\t\t\t\t\t\t\t\t<h1 class=\"p1\"><b>Impression<\/b><b><\/b><\/h1>\n<p class=\"p3\"><b>Nom de l&#8217;entreprise :<\/b> Step Dream Real Estate L.L.C.<\/p>\n<p class=\"p3\"><b>Adresse du si\u00e8ge social :<\/b> DAMAC Executive Bay Tower B &#8211; Al A&#8217;amal Street, Office 1406, Business Bay, Dubai, UAE<\/p>\n<p class=\"p3\"><b>Coordonn\u00e9es du directeur g\u00e9n\u00e9ral :<\/b><b><\/b><\/p>\n<ul>\n<li class=\"p4\"><b>Nom<\/b> : Beslan Terekbaev<\/li>\n<li class=\"p4\"><b>T\u00e9l\u00e9phone <\/b> : +971 50 309 5810<\/li>\n<li class=\"p4\"><b>Email : <\/b> terkberbeslan@gmail.com<\/li>\n<\/ul>\n<p class=\"p3\"><b>Statut de la soci\u00e9t\u00e9 :<\/b> Soci\u00e9t\u00e9 \u00e0 responsabilit\u00e9 limit\u00e9e (SARL)<\/p>\n<p class=\"p3\"><b>Num\u00e9ro RERA <\/b> : 39191<\/p>\n<p class=\"p3\"><b>Num\u00e9ro de licence commerciale :<\/b> 1266612<\/p>\n<p class=\"p3\"><b>Carte de courtier n\u00b0<\/b> 68660<\/p>\n\t\t\t\t\t\t\t\t<\/div>\n\t\t\t\t<div class=\"elementor-element elementor-element-a7a8614 elementor-widget elementor-widget-spacer\" data-id=\"a7a8614\" data-element_type=\"widget\" data-e-type=\"widget\" data-widget_type=\"spacer.default\">\n\t\t\t\t\t\t\t<div class=\"elementor-spacer\">\n\t\t\t<div class=\"elementor-spacer-inner\"><\/div>\n\t\t<\/div>\n\t\t\t\t\t\t<\/div>\n\t\t\t\t\t<\/div>\n\t\t\t\t<\/div>\n\t\t\t\t<\/div>\n\t\t","protected":false},"excerpt":{"rendered":"<p>Impression Nom de l&#8217;entreprise : Step Dream Real Estate L.L.C. Adresse du si\u00e8ge social : DAMAC Executive Bay Tower B &#8211; Al A&#8217;amal Street, Office 1406, Business Bay, Dubai, UAE Coordonn\u00e9es du directeur g\u00e9n\u00e9ral : Nom : Beslan Terekbaev T\u00e9l\u00e9phone : +971 50 309 5810 Email : terkberbeslan@gmail.com Statut de la soci\u00e9t\u00e9 : Soci\u00e9t\u00e9 \u00e0 [&hellip;]<\/p>\n","protected":false},"author":1,"featured_media":45153,"parent":0,"menu_order":0,"comment_status":"closed","ping_status":"open","template":"elementor_header_footer","meta":{"_seowing_meta_title":"Impression | Step Dream Estate","_seowing_meta_description":"Impression Nom de l'entreprise : Step Dream Real Estate L.L.C. Adresse du si\u00e8ge social : DAMAC Executive Bay Tower B - Al A'amal Street, Office...","_seowing_focus_keyword":"impression","_seowing_canonical_url":"","_seowing_robots":"","_seowing_robots_noindex":false,"_seowing_robots_nofollow":false,"_seowing_seo_score":0,"_expert_id":0,"footnotes":""},"class_list":["post-45778","page","type-page","status-publish","has-post-thumbnail","hentry"],"_links":{"self":[{"href":"https:\/\/stepdreamestate.ae\/fr\/wp-json\/wp\/v2\/pages\/45778","targetHints":{"allow":["GET"]}}],"collection":[{"href":"https:\/\/stepdreamestate.ae\/fr\/wp-json\/wp\/v2\/pages"}],"about":[{"href":"https:\/\/stepdreamestate.ae\/fr\/wp-json\/wp\/v2\/types\/page"}],"author":[{"embeddable":true,"href":"https:\/\/stepdreamestate.ae\/fr\/wp-json\/wp\/v2\/users\/1"}],"replies":[{"embeddable":true,"href":"https:\/\/stepdreamestate.ae\/fr\/wp-json\/wp\/v2\/comments?post=45778"}],"version-history":[{"count":0,"href":"https:\/\/stepdreamestate.ae\/fr\/wp-json\/wp\/v2\/pages\/45778\/revisions"}],"wp:featuredmedia":[{"embeddable":true,"href":"https:\/\/stepdreamestate.ae\/fr\/wp-json\/wp\/v2\/media\/45153"}],"wp:attachment":[{"href":"https:\/\/stepdreamestate.ae\/fr\/wp-json\/wp\/v2\/media?parent=45778"}],"curies":[{"name":"wp","href":"https:\/\/api.w.org\/{rel}","templated":true}]}}