{"id":45776,"date":"2024-09-14T20:12:58","date_gmt":"2024-09-14T20:12:58","guid":{"rendered":"https:\/\/stepdreamestate.ae\/conditions-dutilisation\/"},"modified":"2024-09-23T13:37:06","modified_gmt":"2024-09-23T13:37:06","slug":"conditions-dutilisation","status":"publish","type":"page","link":"https:\/\/stepdreamestate.ae\/fr\/conditions-dutilisation\/","title":{"rendered":"Conditions d&#8217;utilisation"},"content":{"rendered":"\t\t<div data-elementor-type=\"wp-page\" data-elementor-id=\"45776\" class=\"elementor elementor-45776 elementor-44624\">\n\t\t\t\t<div class=\"elementor-element elementor-element-29d597ed e-flex e-con-boxed e-con e-parent\" data-id=\"29d597ed\" data-element_type=\"container\" data-e-type=\"container\">\n\t\t\t\t\t<div class=\"e-con-inner\">\n\t\t\t\t<div class=\"elementor-element elementor-element-22fd91e0 elementor-widget elementor-widget-text-editor\" data-id=\"22fd91e0\" data-element_type=\"widget\" data-e-type=\"widget\" data-widget_type=\"text-editor.default\">\n\t\t\t\t\t\t\t\t\t<h1>Conditions d&#8217;utilisation<\/h1>\n<p>Bienvenue sur le site web de Step Dream Real Estate LLC. En acc\u00e9dant \u00e0 notre site web ou en l&#8217;utilisant, vous acceptez de vous conformer aux conditions d&#8217;utilisation suivantes et d&#8217;\u00eatre li\u00e9 par elles. Veuillez les lire attentivement. Si vous n&#8217;\u00eates pas d&#8217;accord avec ces conditions, vous ne devez pas utiliser ce site web.   <\/p>\n<h2>1. Acceptation des conditions<\/h2>\n<p>En utilisant ce site web, vous acceptez les conditions d&#8217;utilisation ainsi que notre politique de confidentialit\u00e9. Nous nous r\u00e9servons le droit de modifier ces conditions \u00e0 tout moment et vous acceptez d&#8217;\u00eatre li\u00e9 par ces modifications. Il est de votre responsabilit\u00e9 de revoir ces conditions p\u00e9riodiquement.  <\/p>\n<h2>2. Utilisation du site web<\/h2>\n<p>Vous ne pouvez utiliser notre site web qu&#8217;\u00e0 des fins l\u00e9gales. Vous acceptez de ne pas utiliser le site web d&#8217;une mani\u00e8re qui pourrait nuire, d\u00e9sactiver, surcharger ou compromettre le site ou interf\u00e9rer avec l&#8217;utilisation et la jouissance du site web par d&#8217;autres parties. <\/p>\n<h2>3. Droits de propri\u00e9t\u00e9 intellectuelle<\/h2>\n<p>Tout le contenu de ce site, y compris le texte, les graphiques, les logos, les images et les logiciels, est la propri\u00e9t\u00e9 de Step Dream Real Estate LLC ou de ses fournisseurs de contenu et est prot\u00e9g\u00e9 par les lois des \u00c9mirats arabes unis et les lois internationales sur les droits d&#8217;auteur. Vous ne pouvez pas reproduire, distribuer ou cr\u00e9er des \u0153uvres d\u00e9riv\u00e9es \u00e0 partir du contenu de ce site Web sans l&#8217;autorisation \u00e9crite expresse de Step Dream Real Estate LLC. <\/p>\n<h2>4. Limitation de la responsabilit\u00e9<\/h2>\n<p>Step Dream Real Estate LLC ne sera pas responsable des dommages r\u00e9sultant de l&#8217;utilisation ou de l&#8217;impossibilit\u00e9 d&#8217;utiliser ce site web, y compris, mais sans s&#8217;y limiter, les dommages directs, indirects, accessoires, punitifs et cons\u00e9cutifs.<\/p>\n<h2>5. Liens avec des tiers<\/h2>\n<p>Ce site web peut contenir des liens vers des sites web de tiers. Ces liens ne sont fournis que pour votre commodit\u00e9 et Step Dream Real Estate LLC n&#8217;est pas responsable du contenu ou des pratiques de tout site li\u00e9. L&#8217;inclusion d&#8217;un lien n&#8217;implique pas l&#8217;approbation de Step Dream Real Estate LLC.  <\/p>\n<h2>6. Politique de protection de la vie priv\u00e9e<\/h2>\n<p>Votre utilisation de ce site web est \u00e9galement r\u00e9gie par notre politique de confidentialit\u00e9, qui est incorpor\u00e9e dans les pr\u00e9sentes conditions d&#8217;utilisation par r\u00e9f\u00e9rence. Veuillez consulter notre <a href=\"https:\/\/stepdreamestate.ae\/privacy-policy\/\">politique de confidentialit\u00e9 pour plus d&#8217;informations<\/a>. <\/p>\n<h2>7. Droit applicable<\/h2>\n<p>Les pr\u00e9sentes conditions d&#8217;utilisation sont r\u00e9gies et interpr\u00e9t\u00e9es conform\u00e9ment aux lois des \u00c9mirats arabes unis. Tout litige d\u00e9coulant de ces conditions sera soumis \u00e0 la juridiction exclusive des tribunaux de Duba\u00ef, EAU. <\/p>\n<h2>8. Informations sur les contacts<\/h2>\n<p>Si vous avez des questions ou des pr\u00e9occupations concernant les pr\u00e9sentes conditions d&#8217;utilisation, veuillez nous contacter \u00e0 l&#8217;adresse suivante :<\/p>\n<ul>\n<li>Courriel : office@stepdreamestate.ae<a href=\"mailto:office@stepdreamestate.ae\"><\/a><\/li>\n<li>Telephone: +971 50 309 5810<\/li>\n<li>Adresse : DAMAC Executive Bay Tower B &#8211; Al A&#8217;amal Street, Office 1406, Business Bay, Dubai, UAE<\/li>\n<\/ul>\n\t\t\t\t\t\t\t\t<\/div>\n\t\t\t\t\t<\/div>\n\t\t\t\t<\/div>\n\t\t<div class=\"elementor-element elementor-element-e52c047 e-flex e-con-boxed e-con e-parent\" data-id=\"e52c047\" data-element_type=\"container\" data-e-type=\"container\">\n\t\t\t\t\t<div class=\"e-con-inner\">\n\t\t\t\t\t<\/div>\n\t\t\t\t<\/div>\n\t\t\t\t<\/div>\n\t\t","protected":false},"excerpt":{"rendered":"<p>Conditions d&#8217;utilisation Bienvenue sur le site web de Step Dream Real Estate LLC. En acc\u00e9dant \u00e0 notre site web ou en l&#8217;utilisant, vous acceptez de vous conformer aux conditions d&#8217;utilisation suivantes et d&#8217;\u00eatre li\u00e9 par elles. Veuillez les lire attentivement. Si vous n&#8217;\u00eates pas d&#8217;accord avec ces conditions, vous ne devez pas utiliser ce site [&hellip;]<\/p>\n","protected":false},"author":1,"featured_media":45153,"parent":0,"menu_order":0,"comment_status":"closed","ping_status":"open","template":"elementor_header_footer","meta":{"_seowing_meta_title":"Conditions d'utilisation | Step Dream Estate","_seowing_meta_description":"Conditions d'utilisation Bienvenue sur le site web de Step Dream Real Estate LLC. En acc\u00e9dant \u00e0 notre site web ou en l'utilisant, vous acceptez de...","_seowing_focus_keyword":"conditions d'utilisation","_seowing_canonical_url":"","_seowing_robots":"","_seowing_robots_noindex":false,"_seowing_robots_nofollow":false,"_seowing_seo_score":0,"_expert_id":0,"footnotes":""},"class_list":["post-45776","page","type-page","status-publish","has-post-thumbnail","hentry"],"_links":{"self":[{"href":"https:\/\/stepdreamestate.ae\/fr\/wp-json\/wp\/v2\/pages\/45776","targetHints":{"allow":["GET"]}}],"collection":[{"href":"https:\/\/stepdreamestate.ae\/fr\/wp-json\/wp\/v2\/pages"}],"about":[{"href":"https:\/\/stepdreamestate.ae\/fr\/wp-json\/wp\/v2\/types\/page"}],"author":[{"embeddable":true,"href":"https:\/\/stepdreamestate.ae\/fr\/wp-json\/wp\/v2\/users\/1"}],"replies":[{"embeddable":true,"href":"https:\/\/stepdreamestate.ae\/fr\/wp-json\/wp\/v2\/comments?post=45776"}],"version-history":[{"count":0,"href":"https:\/\/stepdreamestate.ae\/fr\/wp-json\/wp\/v2\/pages\/45776\/revisions"}],"wp:featuredmedia":[{"embeddable":true,"href":"https:\/\/stepdreamestate.ae\/fr\/wp-json\/wp\/v2\/media\/45153"}],"wp:attachment":[{"href":"https:\/\/stepdreamestate.ae\/fr\/wp-json\/wp\/v2\/media?parent=45776"}],"curies":[{"name":"wp","href":"https:\/\/api.w.org\/{rel}","templated":true}]}}