{"id":45734,"date":"2024-09-14T20:12:58","date_gmt":"2024-09-14T20:12:58","guid":{"rendered":"https:\/\/stepdreamestate.ae\/nutzungsbedingungen\/"},"modified":"2024-09-22T23:03:42","modified_gmt":"2024-09-22T23:03:42","slug":"nutzungsbedingungen","status":"publish","type":"page","link":"https:\/\/stepdreamestate.ae\/de\/nutzungsbedingungen\/","title":{"rendered":"Nutzungsbedingungen"},"content":{"rendered":"\t\t<div data-elementor-type=\"wp-page\" data-elementor-id=\"45734\" class=\"elementor elementor-45734 elementor-44624\">\n\t\t\t\t<div class=\"elementor-element elementor-element-29d597ed e-flex e-con-boxed e-con e-parent\" data-id=\"29d597ed\" data-element_type=\"container\" data-e-type=\"container\">\n\t\t\t\t\t<div class=\"e-con-inner\">\n\t\t\t\t<div class=\"elementor-element elementor-element-22fd91e0 elementor-widget elementor-widget-text-editor\" data-id=\"22fd91e0\" data-element_type=\"widget\" data-e-type=\"widget\" data-widget_type=\"text-editor.default\">\n\t\t\t\t\t\t\t\t\t<h1>Nutzungsbedingungen<\/h1>\n<p>Willkommen auf der Website von Step Dream Real Estate LLC. Indem Sie auf unsere Website zugreifen oder sie nutzen, erkl\u00e4ren Sie sich mit den folgenden Nutzungsbedingungen einverstanden und sind an diese gebunden. Bitte lesen Sie diese sorgf\u00e4ltig durch. Wenn Sie mit diesen Bedingungen nicht einverstanden sind, sollten Sie diese Website nicht nutzen.   <\/p>\n<h2>1. Akzeptanz der Bedingungen<\/h2>\n<p>Durch die Nutzung dieser Website erkl\u00e4ren Sie sich mit den Nutzungsbedingungen sowie mit unserer Datenschutzrichtlinie einverstanden. Wir behalten uns das Recht vor, diese Bedingungen jederzeit zu \u00e4ndern, und Sie erkl\u00e4ren sich damit einverstanden, an solche \u00c4nderungen gebunden zu sein. Es liegt in Ihrer Verantwortung, diese Bedingungen regelm\u00e4\u00dfig zu \u00fcberpr\u00fcfen.  <\/p>\n<h2>2. Nutzung der Website<\/h2>\n<p>Sie d\u00fcrfen unsere Website nur f\u00fcr rechtm\u00e4\u00dfige Zwecke nutzen. Sie erkl\u00e4ren sich damit einverstanden, die Website nicht in einer Weise zu nutzen, die die Website sch\u00e4digen, deaktivieren, \u00fcberlasten oder beeintr\u00e4chtigen k\u00f6nnte oder die Nutzung und den Genuss der Website durch andere Parteien beeintr\u00e4chtigt. <\/p>\n<h2>3. Rechte an geistigem Eigentum<\/h2>\n<p>Der gesamte Inhalt dieser Website, einschlie\u00dflich Text, Grafiken, Logos, Bilder und Software, ist das Eigentum von Step Dream Real Estate LLC oder seinen Inhaltslieferanten und ist durch UAE und internationale Urheberrechtsgesetze gesch\u00fctzt. Sie d\u00fcrfen keine Inhalte dieser Website ohne die ausdr\u00fcckliche schriftliche Genehmigung von Step Dream Real Estate LLC vervielf\u00e4ltigen, verbreiten oder daraus abgeleitete Arbeiten erstellen. <\/p>\n<h2>4. Begrenzung der Haftung<\/h2>\n<p>Step Dream Real Estate LLC haftet nicht f\u00fcr Sch\u00e4den, die aus der Nutzung oder der Unm\u00f6glichkeit der Nutzung dieser Website entstehen, einschlie\u00dflich, aber nicht beschr\u00e4nkt auf direkte, indirekte, zuf\u00e4llige, strafende und Folgesch\u00e4den.<\/p>\n<h2>5. Links von Drittanbietern<\/h2>\n<p>Diese Website kann Links zu Websites Dritter enthalten. Diese Links werden nur f\u00fcr Ihre Bequemlichkeit zur Verf\u00fcgung gestellt, und Step Dream Real Estate LLC ist nicht verantwortlich f\u00fcr den Inhalt oder die Praktiken der verlinkten Seiten. Die Einbeziehung von Links bedeutet nicht, dass Step Dream Real Estate LLC sie unterst\u00fctzt.  <\/p>\n<h2>6. Datenschutz<\/h2>\n<p>Die Nutzung dieser Website unterliegt auch unserer Datenschutzrichtlinie, die durch Verweis in diese Nutzungsbedingungen aufgenommen wird. Bitte lesen Sie unsere <a href=\"https:\/\/stepdreamestate.ae\/privacy-policy\/\">Datenschutzrichtlinie<\/a> f\u00fcr weitere Informationen. <\/p>\n<h2>7. Geltendes Recht<\/h2>\n<p>Diese Nutzungsbedingungen unterliegen den Gesetzen der Vereinigten Arabischen Emirate und werden in \u00dcbereinstimmung mit diesen ausgelegt. Alle Streitigkeiten, die sich aus diesen Bedingungen ergeben, unterliegen der ausschlie\u00dflichen Zust\u00e4ndigkeit der Gerichte von Dubai, VAE. <\/p>\n<h2>8. Kontaktinformationen<\/h2>\n<p>Wenn Sie Fragen oder Bedenken bez\u00fcglich dieser Nutzungsbedingungen haben, kontaktieren Sie uns bitte unter:<\/p>\n<ul>\n<li>Email: <a href=\"mailto:office@stepdreamestate.ae\">office@stepdreamestate.ae<\/a><\/li>\n<li>Telefon: +971 50 309 5810<\/li>\n<li>Adresse: DAMAC Executive Bay Tower B &#8211; Al A&#8217;amal Street, B\u00fcro 1406, Business Bay, Dubai, UAE<\/li>\n<\/ul>\n\t\t\t\t\t\t\t\t<\/div>\n\t\t\t\t\t<\/div>\n\t\t\t\t<\/div>\n\t\t<div class=\"elementor-element elementor-element-e52c047 e-flex e-con-boxed e-con e-parent\" data-id=\"e52c047\" data-element_type=\"container\" data-e-type=\"container\">\n\t\t\t\t\t<div class=\"e-con-inner\">\n\t\t\t\t\t<\/div>\n\t\t\t\t<\/div>\n\t\t\t\t<\/div>\n\t\t","protected":false},"excerpt":{"rendered":"<p>Nutzungsbedingungen Willkommen auf der Website von Step Dream Real Estate LLC. Indem Sie auf unsere Website zugreifen oder sie nutzen, erkl\u00e4ren Sie sich mit den folgenden Nutzungsbedingungen einverstanden und sind an diese gebunden. Bitte lesen Sie diese sorgf\u00e4ltig durch. Wenn Sie mit diesen Bedingungen nicht einverstanden sind, sollten Sie diese Website nicht nutzen. 1. Akzeptanz [&hellip;]<\/p>\n","protected":false},"author":1,"featured_media":45154,"parent":0,"menu_order":0,"comment_status":"closed","ping_status":"open","template":"elementor_header_footer","meta":{"_seowing_meta_title":"Nutzungsbedingungen | Step Dream Estate","_seowing_meta_description":"Nutzungsbedingungen Willkommen auf der Website von Step Dream Real Estate LLC. Indem Sie auf unsere Website zugreifen oder sie nutzen, erkl\u00e4ren Sie sich mit ...","_seowing_focus_keyword":"nutzungsbedingungen","_seowing_canonical_url":"","_seowing_robots":"","_seowing_robots_noindex":false,"_seowing_robots_nofollow":false,"_seowing_seo_score":0,"_expert_id":0,"footnotes":""},"class_list":["post-45734","page","type-page","status-publish","has-post-thumbnail","hentry"],"_links":{"self":[{"href":"https:\/\/stepdreamestate.ae\/de\/wp-json\/wp\/v2\/pages\/45734","targetHints":{"allow":["GET"]}}],"collection":[{"href":"https:\/\/stepdreamestate.ae\/de\/wp-json\/wp\/v2\/pages"}],"about":[{"href":"https:\/\/stepdreamestate.ae\/de\/wp-json\/wp\/v2\/types\/page"}],"author":[{"embeddable":true,"href":"https:\/\/stepdreamestate.ae\/de\/wp-json\/wp\/v2\/users\/1"}],"replies":[{"embeddable":true,"href":"https:\/\/stepdreamestate.ae\/de\/wp-json\/wp\/v2\/comments?post=45734"}],"version-history":[{"count":0,"href":"https:\/\/stepdreamestate.ae\/de\/wp-json\/wp\/v2\/pages\/45734\/revisions"}],"wp:featuredmedia":[{"embeddable":true,"href":"https:\/\/stepdreamestate.ae\/de\/wp-json\/wp\/v2\/media\/45154"}],"wp:attachment":[{"href":"https:\/\/stepdreamestate.ae\/de\/wp-json\/wp\/v2\/media?parent=45734"}],"curies":[{"name":"wp","href":"https:\/\/api.w.org\/{rel}","templated":true}]}}